{"id":1695,"date":"2018-05-30T11:56:10","date_gmt":"2018-05-30T09:56:10","guid":{"rendered":"https:\/\/beta.lefevre.reachthefirst.com\/menuiseries-aluminium\/"},"modified":"2018-05-30T11:56:10","modified_gmt":"2018-05-30T09:56:10","slug":"menuiseries-aluminium","status":"publish","type":"page","link":"https:\/\/www.lefevre-metal.lu\/en\/menuiseries-aluminium\/","title":{"rendered":"Menuiserie aluminium"},"content":{"rendered":"<h2>Menuiserie aluminium<\/h2>\n<p>B\u00e9n\u00e9ficiant de notre propre atelier de fabrication, nous r\u00e9alisons et posons sur mesure vos ouvrages aluminium. Appr\u00e9ci\u00e9s des architectes, nos profil\u00e9s shucco nous permettent d&#8217;obtenir des ouvrages m\u00ealant esth\u00e9tisme et performance.<\/p>\n<p>Les syst\u00e8mes aluminium propos\u00e9s sont de plus en plus performants, au niveau de l\u2019isolation thermique et nous permettent, coupl\u00e9s avec un vitrage double ou triple et un intercalaire thermique sp\u00e9cifique de proposer des ch\u00e2ssis, portes et fa\u00e7ade hautement isol\u00e9es thermiquement.<\/p>\n<p>Nous r\u00e9alisons pour vous sur mesure :<\/p>\n<ul>\n<li>Ch\u00e2ssis et portes<\/li>\n<li>Fa\u00e7ade Mur Rideau selon les techniques de V.E.C V.E.P et V.E.A<\/li>\n<li>Verri\u00e8re V\u00e9randa<\/li>\n<\/ul>\n<p style=\"text-align: right\"><a class=\"btn-1\" href=\"https:\/\/www.lefevre-metal.lu\/en\/tags\/menuiserie-alu\/\" target=\"_blank\" rel=\"noopener noreferrer\">Consultez nos projets menuiserie aluminium<\/a><\/p>\n","protected":false},"excerpt":{"rendered":"<p>Menuiserie aluminium B\u00e9n\u00e9ficiant de notre propre atelier de fabrication, nous r\u00e9alisons et posons sur mesure vos ouvrages aluminium. Appr\u00e9ci\u00e9s des architectes, nos profil\u00e9s shucco nous permettent d&#8217;obtenir des ouvrages m\u00ealant esth\u00e9tisme et performance. Les syst\u00e8mes aluminium propos\u00e9s sont de plus en plus performants, au niveau de l\u2019isolation thermique et nous permettent, coupl\u00e9s avec un vitrage&#8230;<\/p>\n","protected":false},"author":1,"featured_media":0,"parent":0,"menu_order":0,"comment_status":"closed","ping_status":"closed","template":"","meta":{"_acf_changed":false,"footnotes":""},"class_list":["post-1695","page","type-page","status-publish","hentry"],"acf":[],"_links":{"self":[{"href":"https:\/\/www.lefevre-metal.lu\/en\/wp-json\/wp\/v2\/pages\/1695\/"}],"collection":[{"href":"https:\/\/www.lefevre-metal.lu\/en\/wp-json\/wp\/v2\/pages\/"}],"about":[{"href":"https:\/\/www.lefevre-metal.lu\/en\/wp-json\/wp\/v2\/types\/page\/"}],"author":[{"embeddable":true,"href":"https:\/\/www.lefevre-metal.lu\/en\/wp-json\/wp\/v2\/users\/1\/"}],"replies":[{"embeddable":true,"href":"https:\/\/www.lefevre-metal.lu\/en\/wp-json\/wp\/v2\/comments\/?post=1695"}],"version-history":[{"count":0,"href":"https:\/\/www.lefevre-metal.lu\/en\/wp-json\/wp\/v2\/pages\/1695\/revisions\/"}],"wp:attachment":[{"href":"https:\/\/www.lefevre-metal.lu\/en\/wp-json\/wp\/v2\/media\/?parent=1695"}],"curies":[{"name":"wp","href":"https:\/\/api.w.org\/{rel}","templated":true}]}}