{"id":1700,"date":"2018-06-07T14:28:52","date_gmt":"2018-06-07T12:28:52","guid":{"rendered":"https:\/\/beta.lefevre.reachthefirst.com\/fermeture_cloture\/"},"modified":"2018-06-07T14:28:52","modified_gmt":"2018-06-07T12:28:52","slug":"fermeture_cloture","status":"publish","type":"page","link":"https:\/\/www.lefevre-metal.lu\/en\/fermeture_cloture\/","title":{"rendered":"Fermeture cl\u00f4ture"},"content":{"rendered":"<h2>Fermeture cl\u00f4ture<\/h2>\n<div class=\"vc_span6 wpb_column column_container\">\n<div class=\"wpb_wrapper\">\n<div class=\"wpb_text_column wpb_content_element \">\n<div class=\"wpb_wrapper\">\n<p>Nous posons et entretenons des portes sectionnelles et basculantes, rideaux m\u00e9talliques, tous type de porte battante pleine.<\/p>\n<\/div>\n<\/div>\n<\/div>\n<\/div>\n<div class=\"vc_span6 wpb_column column_container\">\n<div class=\"wpb_wrapper\">\n<div class=\"wpb_text_column wpb_content_element \">\n<div class=\"wpb_wrapper\">\n<p>Nous fabriquons des portails acier, aluminium ou inox motoris\u00e9 ou non ainsi que des cl\u00f4tures (finition galvanis\u00e9 ou thermolaqu\u00e9 teinte \u00e0 la demande).<\/p>\n<\/div>\n<\/div>\n<\/div>\n<\/div>\n<p style=\"text-align: right\"><a class=\"btn btn-1\" href=\"https:\/\/www.lefevre-metal.lu\/en\/tags\/ferronnerie\/\" target=\"_blank\" rel=\"noopener noreferrer\">Consultez nos projets fermeture cl\u00f4ture<\/a><\/p>\n","protected":false},"excerpt":{"rendered":"<p>Fermeture cl\u00f4ture Nous posons et entretenons des portes sectionnelles et basculantes, rideaux m\u00e9talliques, tous type de porte battante pleine. Nous fabriquons des portails acier, aluminium ou inox motoris\u00e9 ou non ainsi que des cl\u00f4tures (finition galvanis\u00e9 ou thermolaqu\u00e9 teinte \u00e0 la demande). Consultez nos projets fermeture cl\u00f4ture<\/p>\n","protected":false},"author":3,"featured_media":0,"parent":0,"menu_order":0,"comment_status":"closed","ping_status":"closed","template":"","meta":{"_acf_changed":false,"footnotes":""},"class_list":["post-1700","page","type-page","status-publish","hentry"],"acf":[],"_links":{"self":[{"href":"https:\/\/www.lefevre-metal.lu\/en\/wp-json\/wp\/v2\/pages\/1700\/"}],"collection":[{"href":"https:\/\/www.lefevre-metal.lu\/en\/wp-json\/wp\/v2\/pages\/"}],"about":[{"href":"https:\/\/www.lefevre-metal.lu\/en\/wp-json\/wp\/v2\/types\/page\/"}],"author":[{"embeddable":true,"href":"https:\/\/www.lefevre-metal.lu\/en\/wp-json\/wp\/v2\/users\/3\/"}],"replies":[{"embeddable":true,"href":"https:\/\/www.lefevre-metal.lu\/en\/wp-json\/wp\/v2\/comments\/?post=1700"}],"version-history":[{"count":0,"href":"https:\/\/www.lefevre-metal.lu\/en\/wp-json\/wp\/v2\/pages\/1700\/revisions\/"}],"wp:attachment":[{"href":"https:\/\/www.lefevre-metal.lu\/en\/wp-json\/wp\/v2\/media\/?parent=1700"}],"curies":[{"name":"wp","href":"https:\/\/api.w.org\/{rel}","templated":true}]}}